{"id":717,"date":"2022-02-20T08:28:45","date_gmt":"2022-02-20T08:28:45","guid":{"rendered":"https:\/\/startersites.io\/stagingthree\/?page_id=717"},"modified":"2026-03-26T01:16:02","modified_gmt":"2026-03-26T01:16:02","slug":"projects","status":"publish","type":"page","link":"https:\/\/costaricaindigena.org\/?page_id=717","title":{"rendered":"Proyectos"},"content":{"rendered":"\n<div class=\"wp-block-stackable-spacer stk-block-spacer stk--no-padding stk-block stk-6090630\" data-block-id=\"6090630\"><style>.stk-6090630 {height:17px !important;}@media screen and (max-width:999px){.stk-6090630 {height:80px !important;}}<\/style><\/div>\n\n\n\n<div class=\"wp-block-stackable-columns aligncenter stk-block-columns stk-block stk-51b7e7a\" data-block-id=\"51b7e7a\"><style>.stk-51b7e7a {margin-bottom:0px !important;}.stk-51b7e7a-column{--stk-column-gap:35px !important;row-gap:70px !important;}<\/style><div class=\"stk-row stk-inner-blocks stk-block-content stk-content-align stk-51b7e7a-column\">\n<div class=\"wp-block-stackable-column stk-block-column stk-column stk-block stk-47ff57d\" data-v=\"4\" data-block-id=\"47ff57d\"><style>.stk-47ff57d-container{margin-top:0px !important;margin-right:0px !important;margin-bottom:0px !important;margin-left:0px !important;}@media screen and (max-width:689px){.stk-47ff57d {flex:var(--stk-flex-grow, 1) 1 calc(100% - var(--stk-column-gap, 0px) * 0 \/ 1 ) !important;}}<\/style><div class=\"stk-column-wrapper stk-block-column__content stk-container stk-47ff57d-container stk--no-background stk--no-padding\"><div class=\"stk-block-content stk-inner-blocks stk-47ff57d-inner-blocks\">\n<div class=\"wp-block-stackable-image stk-block-image stk-block stk-d698f41\" data-block-id=\"d698f41\"><style>.stk-d698f41 {margin-bottom:40px !important;}<\/style><figure><span class=\"stk-img-wrapper stk-image--shape-stretch\"><img loading=\"lazy\" decoding=\"async\" class=\"stk-img wp-image-1003\" src=\"https:\/\/costaricaindigena.org\/wp-content\/uploads\/2025\/12\/39b4e32a-f4ef-48a0-af11-f4c06ac7764a-e1764888775229.jpg\" width=\"1200\" height=\"1200\" srcset=\"https:\/\/costaricaindigena.org\/wp-content\/uploads\/2025\/12\/39b4e32a-f4ef-48a0-af11-f4c06ac7764a-e1764888775229.jpg 1200w, https:\/\/costaricaindigena.org\/wp-content\/uploads\/2025\/12\/39b4e32a-f4ef-48a0-af11-f4c06ac7764a-e1764888775229-300x300.jpg 300w, https:\/\/costaricaindigena.org\/wp-content\/uploads\/2025\/12\/39b4e32a-f4ef-48a0-af11-f4c06ac7764a-e1764888775229-1024x1024.jpg 1024w, https:\/\/costaricaindigena.org\/wp-content\/uploads\/2025\/12\/39b4e32a-f4ef-48a0-af11-f4c06ac7764a-e1764888775229-150x150.jpg 150w, https:\/\/costaricaindigena.org\/wp-content\/uploads\/2025\/12\/39b4e32a-f4ef-48a0-af11-f4c06ac7764a-e1764888775229-768x768.jpg 768w\" sizes=\"auto, (max-width: 1200px) 100vw, 1200px\" \/><\/span><\/figure><\/div>\n\n\n\n<div class=\"wp-block-stackable-heading stk-block-heading stk-block-heading--v2 stk-block stk-497b6b2\" id=\"proyecto-arte-indigena-huetar\" data-block-id=\"497b6b2\"><style>.stk-497b6b2 {padding-top:0px !important;padding-right:0px !important;padding-bottom:0px !important;padding-left:0px !important;margin-bottom:8px !important;}.stk-497b6b2 .stk-block-heading__text{font-size:23px !important;}@media screen and (max-width:999px){.stk-497b6b2 .stk-block-heading__text{font-size:23px !important;}}<\/style><h4 class=\"stk-block-heading__text has-text-align-center\">Proyecto Arte Ind\u00edgena Huetar<\/h4><\/div>\n\n\n\n<div class=\"wp-block-stackable-text stk-block-text stk-block stk-f43a616\" data-block-id=\"f43a616\"><style>.stk-f43a616 {margin-bottom:15px !important;}.stk-f43a616 .stk-block-text__text{font-size:0.85em !important;color:var(--theme-palette-color-3, #687279) !important;}@media screen and (max-width:999px){.stk-f43a616 .stk-block-text__text{font-size:0.85em !important;}}<\/style><p class=\"stk-block-text__text has-text-color has-palette-color-3-color has-text-align-center\">Recaudado: $645 \/ Meta: $1500<\/p><\/div>\n\n\n\n<div class=\"wp-block-stackable-button-group stk-block-button-group stk-block stk-7e1b784\" data-block-id=\"7e1b784\"><div class=\"stk-row stk-inner-blocks has-text-align-center stk-block-content stk-button-group\">\n<div class=\"wp-block-stackable-button stk-block-button stk-block stk-6b0716f\" data-block-id=\"6b0716f\"><style>.stk-6b0716f .stk-button{padding-top:12px !important;padding-right:30px !important;padding-bottom:12px !important;padding-left:30px !important;border-top-left-radius:3px !important;border-top-right-radius:3px !important;border-bottom-right-radius:3px !important;border-bottom-left-radius:3px !important;}.stk-6b0716f .stk-button__inner-text{font-size:1.15em !important;color:#fffffe !important;}@media screen and (max-width:999px){.stk-6b0716f .stk-button__inner-text{font-size:1.15em !important;}}<\/style><a class=\"stk-link stk-button stk--hover-effect-darken\" href=\"#\"><span class=\"has-text-color has-palette-color-4-color stk-button__inner-text\">Don\u00e1 ahora<\/span><\/a><\/div>\n<\/div><\/div>\n<\/div><\/div><\/div>\n\n\n\n<div class=\"wp-block-stackable-column stk-block-column stk-column stk-block stk-699d2f5\" data-v=\"4\" data-block-id=\"699d2f5\"><style>.stk-699d2f5-container{margin-top:0px !important;margin-right:0px !important;margin-bottom:0px !important;margin-left:0px !important;}@media screen and (max-width:689px){.stk-699d2f5 {flex:var(--stk-flex-grow, 1) 1 calc(100% - var(--stk-column-gap, 0px) * 0 \/ 1 ) !important;}}<\/style><div class=\"stk-column-wrapper stk-block-column__content stk-container stk-699d2f5-container stk--no-background stk--no-padding\"><div class=\"stk-block-content stk-inner-blocks stk-699d2f5-inner-blocks\">\n<div class=\"wp-block-stackable-image stk-block-image stk-block stk-f39982f\" data-block-id=\"f39982f\"><figure><span class=\"stk-img-wrapper stk-image--shape-stretch\"><img loading=\"lazy\" decoding=\"async\" class=\"stk-img wp-image-1126\" src=\"https:\/\/costaricaindigena.org\/wp-content\/uploads\/2026\/03\/Captura-de-pantalla-2026-03-25-a-las-6.59.29-p.-m-e1774486897288.png\" width=\"810\" height=\"810\" srcset=\"https:\/\/costaricaindigena.org\/wp-content\/uploads\/2026\/03\/Captura-de-pantalla-2026-03-25-a-las-6.59.29-p.-m-e1774486897288.png 810w, https:\/\/costaricaindigena.org\/wp-content\/uploads\/2026\/03\/Captura-de-pantalla-2026-03-25-a-las-6.59.29-p.-m-e1774486897288-300x300.png 300w, https:\/\/costaricaindigena.org\/wp-content\/uploads\/2026\/03\/Captura-de-pantalla-2026-03-25-a-las-6.59.29-p.-m-e1774486897288-150x150.png 150w, https:\/\/costaricaindigena.org\/wp-content\/uploads\/2026\/03\/Captura-de-pantalla-2026-03-25-a-las-6.59.29-p.-m-e1774486897288-768x768.png 768w\" sizes=\"auto, (max-width: 810px) 100vw, 810px\" \/><\/span><\/figure><\/div>\n\n\n\n<div class=\"wp-block-stackable-heading stk-block-heading stk-block-heading--v2 stk-block stk-ea0e87f\" id=\"remodelacion-de-aula-de-preescolar-en-escuela-las-delicias-de-cabagra\" data-block-id=\"ea0e87f\"><h4 class=\"stk-block-heading__text has-text-align-center\">Remodelaci\u00f3n de aula de preescolar en escuela Las Delicias de Cabagra<\/h4><\/div>\n\n\n\n<div class=\"wp-block-stackable-text stk-block-text stk-block stk-17cf9a5\" data-block-id=\"17cf9a5\"><style>.stk-17cf9a5 {margin-bottom:15px !important;}.stk-17cf9a5 .stk-block-text__text{font-size:0.85em !important;color:var(--theme-palette-color-3, #687279) !important;}@media screen and (max-width:999px){.stk-17cf9a5 .stk-block-text__text{font-size:0.85em !important;}}<\/style><p class=\"stk-block-text__text has-text-color has-palette-color-3-color has-text-align-center\">Voluntariado abierto: 1-3 de Mayo 2026<\/p><\/div>\n\n\n\n<div class=\"wp-block-stackable-button-group stk-block-button-group stk-block stk-7fa0623\" data-block-id=\"7fa0623\"><div class=\"stk-row stk-inner-blocks has-text-align-center stk-block-content stk-button-group\">\n<div class=\"wp-block-stackable-button stk-block-button stk-block stk-8f4315b\" data-block-id=\"8f4315b\"><style>.stk-8f4315b .stk-button{padding-top:12px !important;padding-right:30px !important;padding-bottom:12px !important;padding-left:30px !important;border-top-left-radius:3px !important;border-top-right-radius:3px !important;border-bottom-right-radius:3px !important;border-bottom-left-radius:3px !important;}.stk-8f4315b .stk-button__inner-text{font-size:1.15em !important;color:#fffffe !important;}@media screen and (max-width:999px){.stk-8f4315b .stk-button__inner-text{font-size:1.15em !important;}}<\/style><a class=\"stk-link stk-button stk--hover-effect-darken\" href=\"https:\/\/form.jotform.com\/260838574862874\" target=\"_blank\" rel=\"noreferrer noopener\"><span class=\"has-text-color has-palette-color-4-color stk-button__inner-text\">Inscr\u00edbete aqu\u00ed<\/span><\/a><\/div>\n<\/div><\/div>\n\n\n\n<div class=\"wp-block-stackable-text stk-block-text stk-block stk-fc0e641\" data-block-id=\"fc0e641\"><style>.stk-fc0e641 .stk-block-text__text{font-size:var(--stk--preset--font-size--small, 13px) !important;}@media screen and (max-width:999px){.stk-fc0e641 .stk-block-text__text{font-size:var(--stk--preset--font-size--small, 13px) !important;}}<\/style><p class=\"stk-block-text__text\"><\/p><\/div>\n<\/div><\/div><\/div>\n<\/div><\/div>\n\n\n\n<div class=\"wp-block-stackable-spacer stk-block-spacer stk--no-padding stk-block stk-51e7fb7\" data-block-id=\"51e7fb7\"><style>.stk-51e7fb7 {height:70px !important;}<\/style><\/div>\n\n\n\n<div class=\"wp-block-stackable-columns aligncenter stk-block-columns stk-block stk-56f15cd\" data-block-id=\"56f15cd\"><style>.stk-56f15cd {margin-bottom:0px !important;}.stk-56f15cd-column{--stk-column-gap:35px !important;row-gap:70px !important;}<\/style><div class=\"stk-row stk-inner-blocks stk-block-content stk-content-align stk-56f15cd-column\">\n<div class=\"wp-block-stackable-column stk-block-column stk-column stk-block stk-cbb4781\" data-v=\"4\" data-block-id=\"cbb4781\"><style>.stk-cbb4781-container{margin-top:0px !important;margin-right:0px !important;margin-bottom:0px !important;margin-left:0px !important;}<\/style><div class=\"stk-column-wrapper stk-block-column__content stk-container stk-cbb4781-container stk--no-background stk--no-padding\"><div class=\"stk-block-content stk-inner-blocks stk-cbb4781-inner-blocks\"><\/div><\/div><\/div>\n<\/div><\/div>\n\n\n\n<div class=\"wp-block-stackable-spacer stk-block-spacer stk--no-padding stk-block stk-b4c3542\" data-block-id=\"b4c3542\"><style>.stk-b4c3542 {height:0px !important;}<\/style><\/div>\n\n\n\n<div class=\"wp-block-stackable-spacer stk-block-spacer stk--no-padding stk-block stk-448670c\" data-block-id=\"448670c\"><style>.stk-448670c {height:70px !important;}@media screen and (max-width:999px){.stk-448670c {height:80px !important;}}<\/style><\/div>\n\n\n\n<div class=\"wp-block-stackable-columns alignfull stk-block-columns stk-block stk-29e621f stk-block-background stk--has-background-overlay\" data-block-id=\"29e621f\"><style>.stk-29e621f .stk--block-align-29e621f{align-items:center !important;}.stk-29e621f {background-color:#000000 !important;background-image:url(https:\/\/costaricaindigena.org\/wp-content\/uploads\/2025\/12\/bad17aa8-51c9-42d7-8a24-1d2a644099ef.jpg) !important;padding-top:150px !important;padding-bottom:150px !important;margin-bottom:0px !important;}.stk-29e621f:before{background-color:#000000 !important;opacity:0.7 !important;}.stk-29e621f-column{--stk-column-gap:35px !important;}@media screen and (max-width:999px){.stk-29e621f {padding-top:100px !important;padding-bottom:100px !important;}}<\/style><div class=\"stk-row stk-inner-blocks stk--block-align-29e621f stk-block-content stk-content-align stk-29e621f-column\">\n<div class=\"wp-block-stackable-column stk-block-column stk-column stk-block stk-e7cb4b7\" data-v=\"4\" data-block-id=\"e7cb4b7\"><style>.stk-e7cb4b7-container{margin-top:0px !important;margin-right:0px !important;margin-bottom:0px !important;margin-left:0px !important;}@media screen and (min-width:690px) and (max-width:999px){.stk-e7cb4b7 {flex:var(--stk-flex-grow, 1) 1 calc(100% - var(--stk-column-gap, 0px) * 0 \/ 1 ) !important;}}<\/style><div class=\"stk-column-wrapper stk-block-column__content stk-container stk-e7cb4b7-container stk--no-background stk--no-padding\"><div class=\"stk-block-content stk-inner-blocks stk-e7cb4b7-inner-blocks\">\n<div class=\"wp-block-stackable-text stk-block-text stk-block stk-483b83e\" data-block-id=\"483b83e\"><style>.stk-483b83e {margin-bottom:10px !important;}.stk-483b83e .stk-block-text__text{color:var(--theme-palette-color-5, #edeff2) !important;}<\/style><p class=\"stk-block-text__text has-text-color has-palette-color-5-color has-text-align-center-mobile\"><strong>Voluntariado<\/strong><\/p><\/div>\n\n\n\n<div class=\"wp-block-stackable-divider stk-block-divider stk--hide-mobile has-text-align-left stk-block stk-dcead3d is-style-bar\" data-block-id=\"dcead3d\"><style>.stk-dcead3d hr.stk-block-divider__hr{background:var(--theme-palette-color-9, #345137) !important;border-radius:calc(4px \/ 2) !important;height:4px !important;width:17% !important;}.stk-dcead3d {margin-bottom:15px !important;}<\/style><hr class=\"stk-block-divider__hr\"\/><\/div>\n\n\n\n<div class=\"wp-block-stackable-heading stk-block-heading stk-block-heading--v2 stk-block stk-3f23230\" id=\"conviertete-en-voluntari\" data-block-id=\"3f23230\"><style>.stk-3f23230 {margin-bottom:20px !important;}.stk-3f23230 .stk-block-heading__text{font-size:50px !important;color:var(--theme-palette-color-8, #ffffff) !important;line-height:1.2em !important;}@media screen and (max-width:999px){.stk-3f23230 .stk-block-heading__text{font-size:40px !important;}}<\/style><h2 class=\"stk-block-heading__text has-text-color has-palette-color-8-color has-text-align-center-mobile\">Convi\u00e9rtete en voluntari@<\/h2><\/div>\n\n\n\n<div class=\"wp-block-stackable-text stk-block-text stk-block stk-35e8da2\" data-block-id=\"35e8da2\"><style>.stk-35e8da2 {margin-bottom:40px !important;}.stk-35e8da2 .stk-block-text__text{color:var(--theme-palette-color-5, #edeff2) !important;font-family:\"Poppins\", Sans-serif !important;}<\/style><p class=\"stk-block-text__text has-text-color has-palette-color-5-color has-text-align-center-mobile\">Trabajamos en proyectos de voluntariado que se desarrollan durante distintos momentos del a\u00f1o en varias comunidades ind\u00edgenas del pa\u00eds. Si deseas participar, puedes inscribirte en nuestra lista de voluntariado para recibir informaci\u00f3n detallada de cada proyecto apenas se abra una nueva convocatoria.<\/p><\/div>\n\n\n\n<div class=\"wp-block-stackable-button-group stk-block-button-group stk-block stk-c284ad5\" data-block-id=\"c284ad5\"><div class=\"stk-row stk-inner-blocks has-text-align-center-mobile stk-block-content stk-button-group\">\n<div class=\"wp-block-stackable-button stk-block-button stk-block stk-b7dc3fa\" data-block-id=\"b7dc3fa\"><style>.stk-b7dc3fa .stk-button{padding-top:12px !important;padding-right:30px !important;padding-bottom:12px !important;padding-left:30px !important;border-top-left-radius:3px !important;border-top-right-radius:3px !important;border-bottom-right-radius:3px !important;border-bottom-left-radius:3px !important;}.stk-b7dc3fa .stk-button__inner-text{font-size:1.15em !important;color:#fffffe !important;}@media screen and (max-width:999px){.stk-b7dc3fa .stk-button__inner-text{font-size:1.15em !important;}}<\/style><a class=\"stk-link stk-button stk--hover-effect-darken\" href=\"https:\/\/docs.google.com\/forms\/d\/e\/1FAIpQLSdalHBApNJSbdE_AYQytwQdFzttjUO5dMrIT6p77nWeI_z9Ew\/viewform?fbclid=IwY2xjawOfBfRleHRuA2FlbQIxMABicmlkETFNc25ya29Ya2NGT2pyNEdtc3J0YwZhcHBfaWQQMjIyMDM5MTc4ODIwMDg5MgABHmnacR4EeH78BgrmdpkXOgUxJEvXsBTEEvvDYPioa6Ls3xuMWxGykn4vNcmz_aem_86h8jfsuSYVcCFPwWoa0VA\" target=\"_blank\" rel=\"noreferrer noopener\"><span class=\"has-text-color has-palette-color-4-color stk-button__inner-text\">Inscr\u00edbete<\/span><\/a><\/div>\n<\/div><\/div>\n<\/div><\/div><\/div>\n\n\n\n<div class=\"wp-block-stackable-column stk-block-column stk-column stk-block stk-305ef1b\" data-v=\"4\" data-block-id=\"305ef1b\"><style>.stk-305ef1b-container{margin-top:0px !important;margin-right:0px !important;margin-bottom:0px !important;margin-left:0px !important;}@media screen and (min-width:690px) and (max-width:999px){.stk-305ef1b {flex:var(--stk-flex-grow, 1) 1 calc(50% - var(--stk-column-gap, 0px) * 0 \/ 1 ) !important;}}<\/style><div class=\"stk-column-wrapper stk-block-column__content stk-container stk-305ef1b-container stk--no-background stk--no-padding\"><div class=\"stk-block-content stk-inner-blocks stk-305ef1b-inner-blocks\"><\/div><\/div><\/div>\n<\/div><\/div>\n","protected":false},"excerpt":{"rendered":"<p>Proyecto Arte Ind\u00edgena Huetar Recaudado: $645 \/ Meta: $1500 Don\u00e1 ahora Remodelaci\u00f3n de aula de preescolar en escuela Las Delicias de Cabagra Voluntariado abierto: 1-3 de Mayo 2026 Inscr\u00edbete aqu\u00ed Voluntariado Convi\u00e9rtete en voluntari@ Trabajamos en proyectos de voluntariado que se desarrollan durante distintos momentos del a\u00f1o en varias comunidades ind\u00edgenas del pa\u00eds. Si deseas [&hellip;]<\/p>\n","protected":false},"author":1,"featured_media":1007,"parent":0,"menu_order":0,"comment_status":"closed","ping_status":"closed","template":"","meta":{"footnotes":""},"class_list":["post-717","page","type-page","status-publish","has-post-thumbnail","hentry"],"blocksy_meta":{"styles_descriptor":{"styles":{"desktop":"","tablet":"","mobile":""},"google_fonts":[],"version":6}},"_links":{"self":[{"href":"https:\/\/costaricaindigena.org\/index.php?rest_route=\/wp\/v2\/pages\/717","targetHints":{"allow":["GET"]}}],"collection":[{"href":"https:\/\/costaricaindigena.org\/index.php?rest_route=\/wp\/v2\/pages"}],"about":[{"href":"https:\/\/costaricaindigena.org\/index.php?rest_route=\/wp\/v2\/types\/page"}],"author":[{"embeddable":true,"href":"https:\/\/costaricaindigena.org\/index.php?rest_route=\/wp\/v2\/users\/1"}],"replies":[{"embeddable":true,"href":"https:\/\/costaricaindigena.org\/index.php?rest_route=%2Fwp%2Fv2%2Fcomments&post=717"}],"version-history":[{"count":6,"href":"https:\/\/costaricaindigena.org\/index.php?rest_route=\/wp\/v2\/pages\/717\/revisions"}],"predecessor-version":[{"id":1128,"href":"https:\/\/costaricaindigena.org\/index.php?rest_route=\/wp\/v2\/pages\/717\/revisions\/1128"}],"wp:featuredmedia":[{"embeddable":true,"href":"https:\/\/costaricaindigena.org\/index.php?rest_route=\/wp\/v2\/media\/1007"}],"wp:attachment":[{"href":"https:\/\/costaricaindigena.org\/index.php?rest_route=%2Fwp%2Fv2%2Fmedia&parent=717"}],"curies":[{"name":"wp","href":"https:\/\/api.w.org\/{rel}","templated":true}]}}