{"id":1057,"date":"2025-12-05T01:11:39","date_gmt":"2025-12-05T01:11:39","guid":{"rendered":"https:\/\/costaricaindigena.org\/?page_id=1057"},"modified":"2025-12-05T01:16:15","modified_gmt":"2025-12-05T01:16:15","slug":"dona","status":"publish","type":"page","link":"https:\/\/costaricaindigena.org\/?page_id=1057","title":{"rendered":"Don\u00e1"},"content":{"rendered":"\n<details class=\"wp-block-stackable-accordion stk-block-accordion stk-inner-blocks stk-block-content stk-block stk-53bb726 is-style-default\" data-block-id=\"53bb726\"><\/details>\n\n\n\n<div class=\"wp-block-stackable-tabs stk-block-tabs stk-block stk-57401b2\" data-initial-tab=\"1\" data-block-id=\"57401b2\"><style>.stk-57401b2 .stk-block-tab-content .stk-block-content .stk-block-column[hidden]{display:none !important;}.stk-57401b2 {margin-bottom:50px !important;}<\/style><div class=\"stk-row stk-inner-blocks stk-block-content stk-block-tabs--horizontal stk-block-tabs--fade stk-content-align stk-57401b2-column\">\n<div class=\"wp-block-stackable-tab-labels stk-block-tab-labels stk-block stk-5404f68\" data-block-id=\"5404f68\"><style>.stk-5404f68 .stk-block-tabs__tab{color:#999999 !important;background:transparent !important;border-style:solid !important;border-color:transparent !important;border-top-width:0px !important;border-right-width:0px !important;border-bottom-width:2px !important;border-left-width:0px !important;}.stk-5404f68 .stk-block-tabs__tab.stk-block-tabs__tab--active .stk-block-tab-labels__text{color:#000000 !important;}.stk-5404f68 {box-shadow:inset 0px -1px 0px 0px rgba(0,0,0, 0.1) !important;}.stk-5404f68 .stk-block-tab-labels__text{color:#999999 !important;}.stk-5404f68 .stk-block-tabs__tab .stk--inner-svg svg:last-child, .stk-5404f68 .stk-block-tabs__tab .stk--inner-svg svg:last-child :is(g, path, rect, polygon, ellipse){fill:#909090 !important;}.stk-5404f68 .stk-block-tabs__tab:not(.stk-block-tabs__tab--active):hover .stk--inner-svg svg:last-child, .stk-5404f68 .stk-block-tabs__tab:not(.stk-block-tabs__tab--active):hover .stk--inner-svg svg:last-child :is(g, path, rect, polygon, ellipse){fill:#909090 !important;}.stk-5404f68 .stk-block-tabs__tab.stk-block-tabs__tab--active{border-color:#000000 !important;}.stk-5404f68 .stk-block-tabs__tab.stk-block-tabs__tab--active .stk--inner-svg svg:last-child, .stk-5404f68 .stk-block-tabs__tab.stk-block-tabs__tab--active .stk--inner-svg svg:last-child :is(g, path, rect, polygon, ellipse){fill:#000000 !important;}.stk-5404f68 .stk-block-tabs__tab.stk-block-tabs__tab--active:hover .stk--inner-svg svg:last-child, .stk-5404f68 .stk-block-tabs__tab.stk-block-tabs__tab--active:hover .stk--inner-svg svg:last-child :is(g, path, rect, polygon, ellipse){fill:#000000 !important;}<\/style><div class=\"stk-block-tab-labels__wrapper\" role=\"tablist\"><button class=\"stk-block-tabs__tab\" role=\"tab\"><div class=\"stk-block-tab-labels__text\"><span>\u00bfC\u00f3mo ayudar?<\/span><\/div><\/button><button class=\"stk-block-tabs__tab\" role=\"tab\"><div class=\"stk-block-tab-labels__text\"><span>SINPE m\u00f3vil<\/span><\/div><\/button><button class=\"stk-block-tabs__tab\" role=\"tab\"><div class=\"stk-block-tab-labels__text\"><span>Programa \u201cYo Me Uno\u201d \u2013 BAC San Jos\u00e9<\/span><\/div><\/button><button class=\"stk-block-tabs__tab\" role=\"tab\"><div class=\"stk-block-tab-labels__text\"><span>Amigos of Costa Rica (Estados Unidos)<\/span><\/div><\/button><\/div><\/div>\n\n\n\n<div class=\"wp-block-stackable-tab-content stk-block-tab-content stk-block stk-35c6e39\" data-block-id=\"35c6e39\"><div class=\"stk-row stk-inner-blocks stk-block-content stk-content-align stk-35c6e39-column\">\n<div class=\"wp-block-stackable-column stk-block-column stk-column stk-block stk-8d8eede\" data-v=\"4\" role=\"tabpanel\" data-block-id=\"8d8eede\"><div class=\"stk-column-wrapper stk-block-column__content stk-container stk-8d8eede-container stk--no-background stk--no-padding\"><div class=\"stk-block-content stk-inner-blocks stk-8d8eede-inner-blocks\">\n<div class=\"wp-block-stackable-text stk-block-text stk-block stk-96e8cc3\" data-block-id=\"96e8cc3\"><style>.stk-96e8cc3 .stk-block-text__text{color:#0f0e17 !important;font-family:\"Poppins\", Sans-serif !important;}<\/style><p class=\"stk-block-text__text has-text-color\">En Costa Rica Ind\u00edgena creemos que el cambio es posible gracias a la solidaridad y el compromiso de personas como t\u00fa. Tu aporte permite desarrollar proyectos que fortalecen la educaci\u00f3n, la salud, la cultura y el bienestar de las comunidades ind\u00edgenas del pa\u00eds.<br><strong>Cada donaci\u00f3n marca una diferencia real.<\/strong><\/p><\/div>\n<\/div><\/div><\/div>\n\n\n\n<div class=\"wp-block-stackable-column stk-block-column stk-column stk-block stk-2d9ce78\" data-v=\"4\" role=\"tabpanel\" data-block-id=\"2d9ce78\"><div class=\"stk-column-wrapper stk-block-column__content stk-container stk-2d9ce78-container stk--no-background stk--no-padding\"><div class=\"stk-block-content stk-inner-blocks stk-2d9ce78-inner-blocks\">\n<div class=\"wp-block-stackable-text stk-block-text stk-block stk-4602e8b\" data-block-id=\"4602e8b\"><style>.stk-4602e8b .stk-block-text__text{color:#0f0e17 !important;font-family:\"Poppins\", Sans-serif !important;}<\/style><p class=\"stk-block-text__text has-text-color\">SINPE M\u00f3vil es un m\u00e9todo r\u00e1pido y seguro para realizar donaciones desde cualquier banco en Costa Rica. Solo debes enviar el monto que desees al n\u00famero <strong>60941918<\/strong>, y tu aporte llegar\u00e1 directamente para apoyar nuestros proyectos en las comunidades ind\u00edgenas.<\/p><\/div>\n<\/div><\/div><\/div>\n\n\n\n<div class=\"wp-block-stackable-column stk-block-column stk-column stk-block stk-cf55306\" data-v=\"4\" role=\"tabpanel\" data-block-id=\"cf55306\"><div class=\"stk-column-wrapper stk-block-column__content stk-container stk-cf55306-container stk--no-background stk--no-padding\"><div class=\"stk-block-content stk-inner-blocks stk-cf55306-inner-blocks\">\n<div class=\"wp-block-stackable-text stk-block-text stk-block stk-805a05d\" data-block-id=\"805a05d\"><style>.stk-805a05d .stk-block-text__text{color:#0f0e17 !important;font-family:\"Poppins\", Sans-serif !important;}<\/style><p class=\"stk-block-text__text has-text-color\">A trav\u00e9s de la plataforma \u201cYo Me Uno\u201d del BAC San Jos\u00e9 pod\u00e9s realizar donaciones de forma segura y transparente utilizando cualquier tarjeta de cr\u00e9dito o d\u00e9bito, sin importar el banco. <\/p><\/div>\n\n\n\n<div class=\"wp-block-stackable-button-group stk-block-button-group stk-block stk-b3b04e9\" data-block-id=\"b3b04e9\"><div class=\"stk-row stk-inner-blocks stk-block-content stk-button-group\">\n<div class=\"wp-block-stackable-button stk-block-button stk-block stk-f3a2777\" data-block-id=\"f3a2777\"><style>.stk-f3a2777 .stk-button{background:var(--theme-palette-color-9, #345137) !important;}.stk-f3a2777 .stk-button__inner-text{color:#fffffe !important;}<\/style><a class=\"stk-link stk-button stk--hover-effect-darken\" href=\"https:\/\/yomeuno.com\/costa-rica\/organizaciones\/asociacion-de-voluntarios-costa-rica-indigena?ref=search_nav\" target=\"_blank\" rel=\"noreferrer noopener\"><span class=\"has-text-color stk-button__inner-text\">Don\u00e1 por medio de Yo me Uno<\/span><\/a><\/div>\n<\/div><\/div>\n<\/div><\/div><\/div>\n\n\n\n<div class=\"wp-block-stackable-column stk-block-column stk-column stk-block stk-a5edcb3\" data-v=\"4\" role=\"tabpanel\" data-block-id=\"a5edcb3\"><div class=\"stk-column-wrapper stk-block-column__content stk-container stk-a5edcb3-container stk--no-background stk--no-padding\"><div class=\"stk-block-content stk-inner-blocks stk-a5edcb3-inner-blocks\">\n<div class=\"wp-block-stackable-text stk-block-text stk-block stk-c76370b\" data-block-id=\"c76370b\"><style>.stk-c76370b .stk-block-text__text{color:#0f0e17 !important;font-family:\"Poppins\", Sans-serif !important;}<\/style><p class=\"stk-block-text__text has-text-color\">Amigos of Costa Rica es una plataforma que permite realizar donaciones desde Estados Unidos de forma segura y deducible de impuestos. A trav\u00e9s de su sitio web pod\u00e9s apoyar nuestros proyectos, asegurando que tu aporte llegue directamente a las iniciativas que desarrollamos junto a las comunidades ind\u00edgenas.<\/p><\/div>\n\n\n\n<div class=\"wp-block-stackable-button-group stk-block-button-group stk-block stk-5defce4\" data-block-id=\"5defce4\"><div class=\"stk-row stk-inner-blocks stk-block-content stk-button-group\">\n<div class=\"wp-block-stackable-button stk-block-button stk-block stk-1aafe92\" data-block-id=\"1aafe92\"><style>.stk-1aafe92 .stk-button{background:var(--theme-palette-color-9, #345137) !important;}.stk-1aafe92 .stk-button__inner-text{color:#fffffe !important;}<\/style><a class=\"stk-link stk-button stk--hover-effect-darken\" href=\"https:\/\/es.amigosofcostarica.org\/affiliates\/costa-rica-indigena\" target=\"_blank\" rel=\"noreferrer noopener\"><span class=\"has-text-color stk-button__inner-text\">Don\u00e1 por medio de Amigos of Costa Rica<\/span><\/a><\/div>\n<\/div><\/div>\n<\/div><\/div><\/div>\n<\/div><\/div>\n<\/div><\/div>\n\n\n\n<p><\/p>\n","protected":false},"excerpt":{"rendered":"<p>\u00bfC\u00f3mo ayudar? SINPE m\u00f3vil Programa \u201cYo Me Uno\u201d \u2013 BAC San Jos\u00e9 Amigos of Costa Rica (Estados Unidos) En Costa Rica Ind\u00edgena creemos que el cambio es posible gracias a la solidaridad y el compromiso de personas como t\u00fa. Tu aporte permite desarrollar proyectos que fortalecen la educaci\u00f3n, la salud, la cultura y el bienestar [&hellip;]<\/p>\n","protected":false},"author":1,"featured_media":1059,"parent":0,"menu_order":0,"comment_status":"closed","ping_status":"closed","template":"","meta":{"footnotes":""},"class_list":["post-1057","page","type-page","status-publish","has-post-thumbnail","hentry"],"blocksy_meta":[],"_links":{"self":[{"href":"https:\/\/costaricaindigena.org\/index.php?rest_route=\/wp\/v2\/pages\/1057","targetHints":{"allow":["GET"]}}],"collection":[{"href":"https:\/\/costaricaindigena.org\/index.php?rest_route=\/wp\/v2\/pages"}],"about":[{"href":"https:\/\/costaricaindigena.org\/index.php?rest_route=\/wp\/v2\/types\/page"}],"author":[{"embeddable":true,"href":"https:\/\/costaricaindigena.org\/index.php?rest_route=\/wp\/v2\/users\/1"}],"replies":[{"embeddable":true,"href":"https:\/\/costaricaindigena.org\/index.php?rest_route=%2Fwp%2Fv2%2Fcomments&post=1057"}],"version-history":[{"count":3,"href":"https:\/\/costaricaindigena.org\/index.php?rest_route=\/wp\/v2\/pages\/1057\/revisions"}],"predecessor-version":[{"id":1061,"href":"https:\/\/costaricaindigena.org\/index.php?rest_route=\/wp\/v2\/pages\/1057\/revisions\/1061"}],"wp:featuredmedia":[{"embeddable":true,"href":"https:\/\/costaricaindigena.org\/index.php?rest_route=\/wp\/v2\/media\/1059"}],"wp:attachment":[{"href":"https:\/\/costaricaindigena.org\/index.php?rest_route=%2Fwp%2Fv2%2Fmedia&parent=1057"}],"curies":[{"name":"wp","href":"https:\/\/api.w.org\/{rel}","templated":true}]}}